{"id":154,"date":"2021-09-21T13:19:31","date_gmt":"2021-09-21T13:19:31","guid":{"rendered":"http:\/\/localhost:8888\/growingblueconference\/?page_id=154"},"modified":"2026-02-13T11:33:29","modified_gmt":"2026-02-13T11:33:29","slug":"a-conferencia","status":"publish","type":"page","link":"http:\/\/crescendoazul.gov.mz\/?page_id=154","title":{"rendered":"A Confer\u00eancia"},"content":{"rendered":"\t\t<div data-elementor-type=\"wp-page\" data-elementor-id=\"154\" class=\"elementor elementor-154\">\n\t\t\t\t\t\t<section class=\"elementor-section elementor-top-section elementor-element elementor-element-64b06bf4 elementor-section-stretched elementor-section-full_width elementor-section-content-middle elementor-section-height-min-height elementor-section-height-default elementor-section-items-middle exad-glass-effect-no exad-sticky-section-no\" data-id=\"64b06bf4\" data-element_type=\"section\" data-e-type=\"section\" data-settings=\"{&quot;stretch_section&quot;:&quot;section-stretched&quot;,&quot;background_slideshow_gallery&quot;:[{&quot;id&quot;:751,&quot;url&quot;:&quot;http:\\\/\\\/teste.crescendoazul.gov.mz\\\/wp-content\\\/uploads\\\/2021\\\/10\\\/WhatsApp-Image-2021-10-27-at-14.00.48.jpeg&quot;}],&quot;background_background&quot;:&quot;slideshow&quot;,&quot;background_slideshow_loop&quot;:&quot;yes&quot;,&quot;background_slideshow_slide_duration&quot;:5000,&quot;background_slideshow_slide_transition&quot;:&quot;fade&quot;,&quot;background_slideshow_transition_duration&quot;:500}\">\n\t\t\t\t\t\t\t<div class=\"elementor-background-overlay\"><\/div>\n\t\t\t\t\t\t\t<div class=\"elementor-container elementor-column-gap-default\">\n\t\t\t\t\t<div class=\"elementor-column elementor-col-100 elementor-top-column elementor-element elementor-element-7a65bf13 exad-glass-effect-no exad-sticky-section-no\" data-id=\"7a65bf13\" data-element_type=\"column\" data-e-type=\"column\" data-settings=\"{&quot;background_background&quot;:&quot;classic&quot;}\">\n\t\t\t<div class=\"elementor-widget-wrap elementor-element-populated\">\n\t\t\t\t\t\t<section class=\"elementor-section elementor-inner-section elementor-element elementor-element-7eb5a92d elementor-section-boxed elementor-section-height-default elementor-section-height-default exad-glass-effect-no exad-sticky-section-no\" data-id=\"7eb5a92d\" data-element_type=\"section\" data-e-type=\"section\">\n\t\t\t\t\t\t<div class=\"elementor-container elementor-column-gap-default\">\n\t\t\t\t\t<div class=\"elementor-column elementor-col-100 elementor-inner-column elementor-element elementor-element-3b9ff5c exad-glass-effect-no exad-sticky-section-no\" data-id=\"3b9ff5c\" data-element_type=\"column\" data-e-type=\"column\">\n\t\t\t<div class=\"elementor-widget-wrap elementor-element-populated\">\n\t\t\t\t\t\t<div class=\"elementor-element elementor-element-1d757830 exad-sticky-section-no exad-glass-effect-no elementor-invisible elementor-widget elementor-widget-heading\" data-id=\"1d757830\" data-element_type=\"widget\" data-e-type=\"widget\" data-settings=\"{&quot;_animation&quot;:&quot;fadeInUp&quot;}\" data-widget_type=\"heading.default\">\n\t\t\t\t<div class=\"elementor-widget-container\">\n\t\t\t\t\t<h2 class=\"elementor-heading-title elementor-size-default\">Confer\u00eancia crescendo azul<\/h2>\t\t\t\t<\/div>\n\t\t\t\t<\/div>\n\t\t\t\t<div class=\"elementor-element elementor-element-27314118 exad-sticky-section-no exad-glass-effect-no elementor-widget elementor-widget-text-editor\" data-id=\"27314118\" data-element_type=\"widget\" data-e-type=\"widget\" data-widget_type=\"text-editor.default\">\n\t\t\t\t<div class=\"elementor-widget-container\">\n\t\t\t\t\t\t\t\t\t<p>O Evento ter\u00e1 lugar nos dias 18 a 19 de Novembro de 2021 na prov\u00edncia\u00a0 de Inhambane<\/p>\t\t\t\t\t\t\t\t<\/div>\n\t\t\t\t<\/div>\n\t\t\t\t\t<\/div>\n\t\t<\/div>\n\t\t\t\t\t<\/div>\n\t\t<\/section>\n\t\t\t\t\t<\/div>\n\t\t<\/div>\n\t\t\t\t\t<\/div>\n\t\t<\/section>\n\t\t\t\t<section class=\"elementor-section elementor-top-section elementor-element elementor-element-8644641 elementor-section-boxed elementor-section-height-default elementor-section-height-default exad-glass-effect-no exad-sticky-section-no\" data-id=\"8644641\" data-element_type=\"section\" data-e-type=\"section\">\n\t\t\t\t\t\t<div class=\"elementor-container elementor-column-gap-default\">\n\t\t\t\t\t<div class=\"elementor-column elementor-col-100 elementor-top-column elementor-element elementor-element-b3b111c exad-glass-effect-no exad-sticky-section-no\" data-id=\"b3b111c\" data-element_type=\"column\" data-e-type=\"column\">\n\t\t\t<div class=\"elementor-widget-wrap elementor-element-populated\">\n\t\t\t\t\t\t<div class=\"elementor-element elementor-element-56508e1 exad-sticky-section-no exad-glass-effect-no elementor-invisible elementor-widget elementor-widget-heading\" data-id=\"56508e1\" data-element_type=\"widget\" data-e-type=\"widget\" data-settings=\"{&quot;_animation&quot;:&quot;fadeInUp&quot;}\" data-widget_type=\"heading.default\">\n\t\t\t\t<div class=\"elementor-widget-container\">\n\t\t\t\t\t<h2 class=\"elementor-heading-title elementor-size-default\">Confer\u00eancia<\/h2>\t\t\t\t<\/div>\n\t\t\t\t<\/div>\n\t\t\t\t<div class=\"elementor-element elementor-element-8443716 exad-sticky-section-no exad-glass-effect-no elementor-widget elementor-widget-text-editor\" data-id=\"8443716\" data-element_type=\"widget\" data-e-type=\"widget\" data-widget_type=\"text-editor.default\">\n\t\t\t\t<div class=\"elementor-widget-container\">\n\t\t\t\t\t\t\t\t\t<p>Em resposta ao movimento global de chamamento para ac\u00e7\u00e3o lan\u00e7ado pelas Na\u00e7\u00f5es Unidas e por v\u00e1rios organismos respons\u00e1veis pela sustentabilidade dos Oceanos no quadro da implementa\u00e7\u00e3o do ODS14, Mo\u00e7ambique estabeleceu uma plataforma de di\u00e1logo permanente, a realizar-se em s\u00e9ries, bienalmente, denominada de Confer\u00eancia&nbsp;<strong>\u201cCRESCENDO AZUL\u201d<\/strong>, com o objectivo de promover a concerta\u00e7\u00e3o, o alinhamento e a partilha do conhecimento, necess\u00e1rios a um efectivo cumprimento dos compromissos assumidos, no quadro da implementa\u00e7\u00e3o do ODS14, especificamente no pais e na regi\u00e3o Ocidental do Oceano \u00cdndico. A primeira edi\u00e7\u00e3o desta confer\u00eancia foi realizada nos dias 23-24 de Maio de 2019.<\/p><p><span style=\"font-size: 14px;\">A import\u00e2ncia dos Mares e Oceanos para a humanidade como fonte de vida, produtor de oxig\u00e9nio, suporte dos ecossistemas, regulador do clima, produtor de alimentos, fonte de emprego e como reserva de \u00e1gua, tem vindo a ser reconhecida a n\u00edvel global, com destaque para a Organiza\u00e7\u00e3o das Na\u00e7\u00f5es Unidas, atrav\u00e9s da Agenda 2030 que define os Objectivos de Desenvolvimento Sustent\u00e1vel (ODS\u00b4s), particularmente o&nbsp;<\/span><em style=\"font-size: 14px;\">ODS14 sobre a conserva\u00e7\u00e3o e utiliza\u00e7\u00e3o sustent\u00e1vel dos oceanos, mares e recursos marinhos para o desenvolvimento sustent\u00e1vel&#8221;.<\/em><\/p><p><span style=\"font-size: 14px;\">Ali\u00e1s, estes instrumentos, no seu conjunto, al\u00e9m de aumentarem o n\u00edvel de compreens\u00e3o de outros quadros legais internacionais pertinentes, como a Conven\u00e7\u00e3o das Na\u00e7\u00f5es Unidas sobre o Direito do Mar (UNCLOS), lan\u00e7am bases para uma coopera\u00e7\u00e3o estruturada entre as na\u00e7\u00f5es, na vertente mar\u00edtima, que conduzam \u00e0 proclama\u00e7\u00e3o dos Mares e Oceanos como factores de desenvolvimento sustentado e de seguran\u00e7a dos pa\u00edses, e, por outro, \u00e0 promo\u00e7\u00e3o de uma colabora\u00e7\u00e3o permanente, em torno de uma abordagem intersectorial e interag\u00eancias, para uma efectiva gest\u00e3o integrada da \u00e1rea costeira e marinha, sobretudo, nos pa\u00edses menos desenvolvidos.<\/span><\/p><p><span style=\"font-size: 14px;\">A natureza transfronteiri\u00e7a dos Mares e Oceanos faz com que os crescentes desafios ligados \u00e0s amea\u00e7as globais como as altera\u00e7\u00f5es clim\u00e1ticas, crescimento demogr\u00e1fico, degrada\u00e7\u00e3o do ambiente marinho, perda da biodiversidade e o elevado risco de polui\u00e7\u00e3o e \u00e0 prolifera\u00e7\u00e3o do lixo pl\u00e1stico, aliadas \u00e0s quest\u00f5es relacionadas com a seguran\u00e7a mar\u00edtima, requeiram abordagens harmonizadas e concertada entre as v\u00e1rias Na\u00e7\u00f5es que compartilham este recurso, ou que indiretamente a ele estejam ligadas.<\/span><\/p><p><span style=\"font-size: 14px;\">A regi\u00e3o do Oceano \u00cdndico Ocidental, particularmente o Canal de Mo\u00e7ambique, \u00e9 rica em biodiversidade e ecossistemas marinhos costeiros, desde os recifes de corais que se estende desde a costa do Qu\u00e9nia, at\u00e9 a zona do Norte de Mo\u00e7ambique: florestas de mangal que se pontificam no Delta do Zambeze, dunas costeiras ricas em recursos minerais, ervas marinham que albergam uma popula\u00e7\u00e3o \u00fanica de golfinhos remanescente na regi\u00e3o e uma grande diversidade de recursos pesqueiros que s\u00e3o fonte de renda e subsist\u00eancia para a popula\u00e7\u00e3o costeira. Para al\u00e9m destes recursos, a regi\u00e3o \u00e9 igualmente rica em hidrocarbonetos, particularmente na Bacia de Rovuma.<\/span><\/p><p><span style=\"font-size: 14px;\">A Intensa utiliza\u00e7\u00e3o dos recursos pesqueiros existentes na regi\u00e3o; a intensa utiliza\u00e7\u00e3o desta regi\u00e3o como rota de transporte mar\u00edtimo assim como o advento da explora\u00e7\u00e3o de hidrocarbonetos requerem uma abordagem consertada, integrada e harmonizada. Esta ac\u00e7\u00e3o \u00e9 particularmente relevante no canal de Mo\u00e7ambique onde ainda persiste a pesca ilegal devido a fraca capacidade dos pa\u00edses para fiscalizar a suas \u00e1guas territoriais que \u00e9 exacerbado pela limitada capacidade institucional para enformar o desenvolvimento duma Economia Azul sustent\u00e1vel. Estes factos, e n\u00e3o s\u00f3, que demandam uma forte colabora\u00e7\u00e3o e coordena\u00e7\u00e3o a n\u00edvel nacional, regional e internacional, e dada a sua localiza\u00e7\u00e3o geoestrat\u00e9gica, imp\u00f5em a Mo\u00e7ambique a necessidade de assumir proactivamente a responsabilidade de promover o desenvolvimento duma Economia Azul sustent\u00e1vel, \u00e0 luz dos comandos emanados dos seus instrumentos de pol\u00edtica e legais, alinhados com os de caris regional, continental e internacional.<\/span><\/p><p><span style=\"font-size: 14px;\">A edi\u00e7\u00e3o da primeira confer\u00eancia foi realizada no reconhecimento de que o conhecimento, assente na investiga\u00e7\u00e3o cient\u00edfica e tecnologia, \u00e9 a chave basilar para o desenvolvimento da Economia Azul. Considerando o contexto nacional e regional, caracterizado por limitado conhecimento cient\u00edfico e desenvolvimento tecnol\u00f3gico, urge a necessidade de se direccionar recursos de investimento, tanto na forma\u00e7\u00e3o como no refor\u00e7o ou cria\u00e7\u00e3o de capacidade t\u00e9cnica e institucional, para permitir que a ci\u00eancia e tecnologia informem o desenvolvimento de uma Economia Azul sustent\u00e1vel.<\/span><\/p>\t\t\t\t\t\t\t\t<\/div>\n\t\t\t\t<\/div>\n\t\t\t\t\t<\/div>\n\t\t<\/div>\n\t\t\t\t\t<\/div>\n\t\t<\/section>\n\t\t\t\t<section class=\"elementor-section elementor-top-section elementor-element elementor-element-50ad9cda elementor-section-stretched elementor-section-boxed elementor-section-height-default elementor-section-height-default exad-glass-effect-no exad-sticky-section-no\" data-id=\"50ad9cda\" data-element_type=\"section\" data-e-type=\"section\" data-settings=\"{&quot;stretch_section&quot;:&quot;section-stretched&quot;}\">\n\t\t\t\t\t\t<div class=\"elementor-container elementor-column-gap-default\">\n\t\t\t\t\t<div class=\"elementor-column elementor-col-25 elementor-top-column elementor-element elementor-element-5ebaf154 exad-glass-effect-no exad-sticky-section-no\" data-id=\"5ebaf154\" data-element_type=\"column\" data-e-type=\"column\">\n\t\t\t<div class=\"elementor-widget-wrap elementor-element-populated\">\n\t\t\t\t\t\t<div class=\"elementor-element elementor-element-5939b35b exad-sticky-section-no exad-glass-effect-no elementor-widget elementor-widget-image\" data-id=\"5939b35b\" data-element_type=\"widget\" data-e-type=\"widget\" data-widget_type=\"image.default\">\n\t\t\t\t<div class=\"elementor-widget-container\">\n\t\t\t\t\t\t\t\t\t\t\t\t\t\t\t<img fetchpriority=\"high\" decoding=\"async\" width=\"274\" height=\"300\" src=\"http:\/\/crescendoazul.gov.mz\/wp-content\/uploads\/2021\/09\/cropped-Logo-VILANKULO-274x300.png\" class=\"attachment-medium size-medium wp-image-72\" alt=\"\" srcset=\"http:\/\/crescendoazul.gov.mz\/wp-content\/uploads\/2021\/09\/cropped-Logo-VILANKULO-274x300.png 274w, http:\/\/crescendoazul.gov.mz\/wp-content\/uploads\/2021\/09\/cropped-Logo-VILANKULO-935x1024.png 935w, http:\/\/crescendoazul.gov.mz\/wp-content\/uploads\/2021\/09\/cropped-Logo-VILANKULO-768x841.png 768w, http:\/\/crescendoazul.gov.mz\/wp-content\/uploads\/2021\/09\/cropped-Logo-VILANKULO-1403x1536.png 1403w, http:\/\/crescendoazul.gov.mz\/wp-content\/uploads\/2021\/09\/cropped-Logo-VILANKULO.png 1783w\" sizes=\"(max-width: 274px) 100vw, 274px\" \/>\t\t\t\t\t\t\t\t\t\t\t\t\t\t\t<\/div>\n\t\t\t\t<\/div>\n\t\t\t\t\t<\/div>\n\t\t<\/div>\n\t\t\t\t<div class=\"elementor-column elementor-col-25 elementor-top-column elementor-element elementor-element-73f3325b exad-glass-effect-no exad-sticky-section-no\" data-id=\"73f3325b\" data-element_type=\"column\" data-e-type=\"column\">\n\t\t\t<div class=\"elementor-widget-wrap elementor-element-populated\">\n\t\t\t\t\t\t<div class=\"elementor-element elementor-element-2d978ac7 exad-sticky-section-no exad-glass-effect-no elementor-widget elementor-widget-heading\" data-id=\"2d978ac7\" data-element_type=\"widget\" data-e-type=\"widget\" data-widget_type=\"heading.default\">\n\t\t\t\t<div class=\"elementor-widget-container\">\n\t\t\t\t\t<h4 class=\"elementor-heading-title elementor-size-default\">Contactos<\/h4>\t\t\t\t<\/div>\n\t\t\t\t<\/div>\n\t\t\t\t<div class=\"elementor-element elementor-element-7d402c72 elementor-icon-list--layout-traditional elementor-list-item-link-full_width exad-sticky-section-no exad-glass-effect-no elementor-widget elementor-widget-icon-list\" data-id=\"7d402c72\" data-element_type=\"widget\" data-e-type=\"widget\" data-widget_type=\"icon-list.default\">\n\t\t\t\t<div class=\"elementor-widget-container\">\n\t\t\t\t\t\t\t<ul class=\"elementor-icon-list-items\">\n\t\t\t\t\t\t\t<li class=\"elementor-icon-list-item\">\n\t\t\t\t\t\t\t\t\t\t\t<span class=\"elementor-icon-list-icon\">\n\t\t\t\t\t\t\t<i aria-hidden=\"true\" class=\"fas fa-map-marker-alt\"><\/i>\t\t\t\t\t\t<\/span>\n\t\t\t\t\t\t\t\t\t\t<span class=\"elementor-icon-list-text\">Marqu\u00eas de Pombal Street; N\u00ba 285<\/span>\n\t\t\t\t\t\t\t\t\t<\/li>\n\t\t\t\t\t\t\t\t<li class=\"elementor-icon-list-item\">\n\t\t\t\t\t\t\t\t\t\t\t<span class=\"elementor-icon-list-icon\">\n\t\t\t\t\t\t\t<i aria-hidden=\"true\" class=\"fas fa-phone\"><\/i>\t\t\t\t\t\t<\/span>\n\t\t\t\t\t\t\t\t\t\t<span class=\"elementor-icon-list-text\">+258 (21) 357 100<\/span>\n\t\t\t\t\t\t\t\t\t<\/li>\n\t\t\t\t\t\t\t\t<li class=\"elementor-icon-list-item\">\n\t\t\t\t\t\t\t\t\t\t\t<span class=\"elementor-icon-list-icon\">\n\t\t\t\t\t\t\t<i aria-hidden=\"true\" class=\"fas fa-envelope\"><\/i>\t\t\t\t\t\t<\/span>\n\t\t\t\t\t\t\t\t\t\t<span class=\"elementor-icon-list-text\">info@growingblueconference.gov.mz<\/span>\n\t\t\t\t\t\t\t\t\t<\/li>\n\t\t\t\t\t\t<\/ul>\n\t\t\t\t\t\t<\/div>\n\t\t\t\t<\/div>\n\t\t\t\t\t<\/div>\n\t\t<\/div>\n\t\t\t\t<div class=\"elementor-column elementor-col-25 elementor-top-column elementor-element elementor-element-77c07866 exad-glass-effect-no exad-sticky-section-no\" data-id=\"77c07866\" data-element_type=\"column\" data-e-type=\"column\">\n\t\t\t<div class=\"elementor-widget-wrap elementor-element-populated\">\n\t\t\t\t\t\t<div class=\"elementor-element elementor-element-3d5e0afa exad-sticky-section-no exad-glass-effect-no elementor-widget elementor-widget-heading\" data-id=\"3d5e0afa\" data-element_type=\"widget\" data-e-type=\"widget\" data-widget_type=\"heading.default\">\n\t\t\t\t<div class=\"elementor-widget-container\">\n\t\t\t\t\t<h4 class=\"elementor-heading-title elementor-size-default\">Links<\/h4>\t\t\t\t<\/div>\n\t\t\t\t<\/div>\n\t\t\t\t<div class=\"elementor-element elementor-element-298f7750 elementor-icon-list--layout-traditional elementor-list-item-link-full_width exad-sticky-section-no exad-glass-effect-no elementor-widget elementor-widget-icon-list\" data-id=\"298f7750\" data-element_type=\"widget\" data-e-type=\"widget\" data-widget_type=\"icon-list.default\">\n\t\t\t\t<div class=\"elementor-widget-container\">\n\t\t\t\t\t\t\t<ul class=\"elementor-icon-list-items\">\n\t\t\t\t\t\t\t<li class=\"elementor-icon-list-item\">\n\t\t\t\t\t\t\t\t\t\t\t<a href=\"#\">\n\n\t\t\t\t\t\t\t\t\t\t\t\t<span class=\"elementor-icon-list-icon\">\n\t\t\t\t\t\t\t<i aria-hidden=\"true\" class=\"fas fa-angle-right\"><\/i>\t\t\t\t\t\t<\/span>\n\t\t\t\t\t\t\t\t\t\t<span class=\"elementor-icon-list-text\">A confer\u00eancia <\/span>\n\t\t\t\t\t\t\t\t\t\t\t<\/a>\n\t\t\t\t\t\t\t\t\t<\/li>\n\t\t\t\t\t\t\t\t<li class=\"elementor-icon-list-item\">\n\t\t\t\t\t\t\t\t\t\t\t<a href=\"#\">\n\n\t\t\t\t\t\t\t\t\t\t\t\t<span class=\"elementor-icon-list-icon\">\n\t\t\t\t\t\t\t<i aria-hidden=\"true\" class=\"fas fa-angle-right\"><\/i>\t\t\t\t\t\t<\/span>\n\t\t\t\t\t\t\t\t\t\t<span class=\"elementor-icon-list-text\">Agenda<\/span>\n\t\t\t\t\t\t\t\t\t\t\t<\/a>\n\t\t\t\t\t\t\t\t\t<\/li>\n\t\t\t\t\t\t\t\t<li class=\"elementor-icon-list-item\">\n\t\t\t\t\t\t\t\t\t\t\t<a href=\"#\">\n\n\t\t\t\t\t\t\t\t\t\t\t\t<span class=\"elementor-icon-list-icon\">\n\t\t\t\t\t\t\t<i aria-hidden=\"true\" class=\"fas fa-angle-right\"><\/i>\t\t\t\t\t\t<\/span>\n\t\t\t\t\t\t\t\t\t\t<span class=\"elementor-icon-list-text\">Objectivos e Resultados esperados<\/span>\n\t\t\t\t\t\t\t\t\t\t\t<\/a>\n\t\t\t\t\t\t\t\t\t<\/li>\n\t\t\t\t\t\t<\/ul>\n\t\t\t\t\t\t<\/div>\n\t\t\t\t<\/div>\n\t\t\t\t\t<\/div>\n\t\t<\/div>\n\t\t\t\t<div class=\"elementor-column elementor-col-25 elementor-top-column elementor-element elementor-element-209aba29 exad-glass-effect-no exad-sticky-section-no\" data-id=\"209aba29\" data-element_type=\"column\" data-e-type=\"column\">\n\t\t\t<div class=\"elementor-widget-wrap elementor-element-populated\">\n\t\t\t\t\t\t<div class=\"elementor-element elementor-element-63002b72 exad-sticky-section-no exad-glass-effect-no elementor-widget elementor-widget-heading\" data-id=\"63002b72\" data-element_type=\"widget\" data-e-type=\"widget\" data-widget_type=\"heading.default\">\n\t\t\t\t<div class=\"elementor-widget-container\">\n\t\t\t\t\t<h3 class=\"elementor-heading-title elementor-size-default\">SIGA-nos<\/h3>\t\t\t\t<\/div>\n\t\t\t\t<\/div>\n\t\t\t\t<div class=\"elementor-element elementor-element-2ec15a57 elementor-shape-circle e-grid-align-left elementor-grid-0 exad-sticky-section-no exad-glass-effect-no elementor-widget elementor-widget-social-icons\" data-id=\"2ec15a57\" data-element_type=\"widget\" data-e-type=\"widget\" data-widget_type=\"social-icons.default\">\n\t\t\t\t<div class=\"elementor-widget-container\">\n\t\t\t\t\t\t\t<div class=\"elementor-social-icons-wrapper elementor-grid\" role=\"list\">\n\t\t\t\t\t\t\t<span class=\"elementor-grid-item\" role=\"listitem\">\n\t\t\t\t\t<a class=\"elementor-icon elementor-social-icon elementor-social-icon-facebook-f elementor-repeater-item-28ca676\" target=\"_blank\">\n\t\t\t\t\t\t<span class=\"elementor-screen-only\">Facebook-f<\/span>\n\t\t\t\t\t\t<i aria-hidden=\"true\" class=\"fab fa-facebook-f\"><\/i>\t\t\t\t\t<\/a>\n\t\t\t\t<\/span>\n\t\t\t\t\t\t\t<span class=\"elementor-grid-item\" role=\"listitem\">\n\t\t\t\t\t<a class=\"elementor-icon elementor-social-icon elementor-social-icon-twitter elementor-repeater-item-b9e8776\" target=\"_blank\">\n\t\t\t\t\t\t<span class=\"elementor-screen-only\">Twitter<\/span>\n\t\t\t\t\t\t<i aria-hidden=\"true\" class=\"fab fa-twitter\"><\/i>\t\t\t\t\t<\/a>\n\t\t\t\t<\/span>\n\t\t\t\t\t\t\t<span class=\"elementor-grid-item\" role=\"listitem\">\n\t\t\t\t\t<a class=\"elementor-icon elementor-social-icon elementor-social-icon-instagram elementor-repeater-item-516a61c\" target=\"_blank\">\n\t\t\t\t\t\t<span class=\"elementor-screen-only\">Instagram<\/span>\n\t\t\t\t\t\t<i aria-hidden=\"true\" class=\"fab fa-instagram\"><\/i>\t\t\t\t\t<\/a>\n\t\t\t\t<\/span>\n\t\t\t\t\t<\/div>\n\t\t\t\t\t\t<\/div>\n\t\t\t\t<\/div>\n\t\t\t\t\t<\/div>\n\t\t<\/div>\n\t\t\t\t\t<\/div>\n\t\t<\/section>\n\t\t\t\t<\/div>\n\t\t","protected":false},"excerpt":{"rendered":"<p>Confer\u00eancia crescendo azul O Evento ter\u00e1 lugar nos dias 18 a 19 de Novembro de 2021 na prov\u00edncia\u00a0 de Inhambane Confer\u00eancia Em resposta ao movimento global de chamamento para ac\u00e7\u00e3o lan\u00e7ado pelas Na\u00e7\u00f5es Unidas e por v\u00e1rios organismos respons\u00e1veis pela sustentabilidade dos Oceanos no quadro da implementa\u00e7\u00e3o do ODS14, Mo\u00e7ambique estabeleceu uma plataforma de di\u00e1logo [&hellip;]<\/p>\n","protected":false},"author":1,"featured_media":0,"parent":0,"menu_order":0,"comment_status":"closed","ping_status":"closed","template":"","meta":{"ocean_post_layout":"full-width","ocean_both_sidebars_style":"","ocean_both_sidebars_content_width":0,"ocean_both_sidebars_sidebars_width":0,"ocean_sidebar":"0","ocean_second_sidebar":"0","ocean_disable_margins":"on","ocean_add_body_class":"","ocean_shortcode_before_top_bar":"","ocean_shortcode_after_top_bar":"","ocean_shortcode_before_header":"","ocean_shortcode_after_header":"","ocean_has_shortcode":"","ocean_shortcode_after_title":"","ocean_shortcode_before_footer_widgets":"","ocean_shortcode_after_footer_widgets":"","ocean_shortcode_before_footer_bottom":"","ocean_shortcode_after_footer_bottom":"","ocean_display_top_bar":"off","ocean_display_header":"on","ocean_header_style":"transparent","ocean_center_header_left_menu":"0","ocean_custom_header_template":"0","ocean_custom_logo":0,"ocean_custom_retina_logo":0,"ocean_custom_logo_max_width":0,"ocean_custom_logo_tablet_max_width":0,"ocean_custom_logo_mobile_max_width":0,"ocean_custom_logo_max_height":0,"ocean_custom_logo_tablet_max_height":0,"ocean_custom_logo_mobile_max_height":0,"ocean_header_custom_menu":"0","ocean_menu_typo_font_family":"0","ocean_menu_typo_font_subset":"","ocean_menu_typo_font_size":0,"ocean_menu_typo_font_size_tablet":0,"ocean_menu_typo_font_size_mobile":0,"ocean_menu_typo_font_size_unit":"px","ocean_menu_typo_font_weight":"","ocean_menu_typo_font_weight_tablet":"","ocean_menu_typo_font_weight_mobile":"","ocean_menu_typo_transform":"","ocean_menu_typo_transform_tablet":"","ocean_menu_typo_transform_mobile":"","ocean_menu_typo_line_height":0,"ocean_menu_typo_line_height_tablet":0,"ocean_menu_typo_line_height_mobile":0,"ocean_menu_typo_line_height_unit":"","ocean_menu_typo_spacing":0,"ocean_menu_typo_spacing_tablet":0,"ocean_menu_typo_spacing_mobile":0,"ocean_menu_typo_spacing_unit":"","ocean_menu_link_color":"","ocean_menu_link_color_hover":"","ocean_menu_link_color_active":"","ocean_menu_link_background":"","ocean_menu_link_hover_background":"","ocean_menu_link_active_background":"","ocean_menu_social_links_bg":"","ocean_menu_social_hover_links_bg":"","ocean_menu_social_links_color":"","ocean_menu_social_hover_links_color":"","ocean_disable_title":"default","ocean_disable_heading":"default","ocean_post_title":"","ocean_post_subheading":"","ocean_post_title_style":"","ocean_post_title_background_color":"","ocean_post_title_background":0,"ocean_post_title_bg_image_position":"","ocean_post_title_bg_image_attachment":"","ocean_post_title_bg_image_repeat":"","ocean_post_title_bg_image_size":"","ocean_post_title_height":0,"ocean_post_title_bg_overlay":0.5,"ocean_post_title_bg_overlay_color":"","ocean_disable_breadcrumbs":"default","ocean_breadcrumbs_color":"","ocean_breadcrumbs_separator_color":"","ocean_breadcrumbs_links_color":"","ocean_breadcrumbs_links_hover_color":"","ocean_display_footer_widgets":"default","ocean_display_footer_bottom":"default","ocean_custom_footer_template":"0","footnotes":""},"class_list":["post-154","page","type-page","status-publish","hentry","entry"],"_links":{"self":[{"href":"http:\/\/crescendoazul.gov.mz\/index.php?rest_route=\/wp\/v2\/pages\/154","targetHints":{"allow":["GET"]}}],"collection":[{"href":"http:\/\/crescendoazul.gov.mz\/index.php?rest_route=\/wp\/v2\/pages"}],"about":[{"href":"http:\/\/crescendoazul.gov.mz\/index.php?rest_route=\/wp\/v2\/types\/page"}],"author":[{"embeddable":true,"href":"http:\/\/crescendoazul.gov.mz\/index.php?rest_route=\/wp\/v2\/users\/1"}],"replies":[{"embeddable":true,"href":"http:\/\/crescendoazul.gov.mz\/index.php?rest_route=%2Fwp%2Fv2%2Fcomments&post=154"}],"version-history":[{"count":61,"href":"http:\/\/crescendoazul.gov.mz\/index.php?rest_route=\/wp\/v2\/pages\/154\/revisions"}],"predecessor-version":[{"id":1931,"href":"http:\/\/crescendoazul.gov.mz\/index.php?rest_route=\/wp\/v2\/pages\/154\/revisions\/1931"}],"wp:attachment":[{"href":"http:\/\/crescendoazul.gov.mz\/index.php?rest_route=%2Fwp%2Fv2%2Fmedia&parent=154"}],"curies":[{"name":"wp","href":"https:\/\/api.w.org\/{rel}","templated":true}]}}